{"id":6612,"date":"2023-09-05T11:10:34","date_gmt":"2023-09-05T15:10:34","guid":{"rendered":"https:\/\/boutique.nouveauxperes.com\/?post_type=product&#038;p=6612"},"modified":"2026-03-23T21:23:19","modified_gmt":"2026-03-24T01:23:19","slug":"papa-leve-toi","status":"publish","type":"product","link":"https:\/\/nouveauxperes.com\/en\/produit\/papa-leve-toi\/","title":{"rendered":"Papa, l\u00e8ve-toi !"},"content":{"rendered":"","protected":false},"excerpt":{"rendered":"<p>Papa, l\u00e8ve-toi !, c\u2019est la discussion entre chums que tout futur ou nouveau papa r\u00eave d\u2019avoir autour de l&#8217;exp\u00e9rience unique qu&#8217;est la paternit\u00e9. Du test de grossesse \u00e0 l\u2019accouchement en passant par le sexe, la conciliation famille-travail, la vie de couple, la charge mentale, la gestion des finances&#8230; les auteurs abordent des sujets br\u00fblants avec franchise, humour, et cette m\u00eame conviction : un papa, c\u2019est aussi bon qu\u2019une maman. Et Dieu sait que c\u2019est bon, une maman !<\/p>\n","protected":false},"featured_media":6613,"template":"","meta":{"_acf_changed":false,"inline_featured_image":false},"product_brand":[],"product_cat":[113],"product_tag":[],"class_list":{"0":"post-6612","1":"product","2":"type-product","3":"status-publish","4":"has-post-thumbnail","6":"product_cat-livre","8":"first","9":"instock","10":"shipping-taxable","11":"purchasable","12":"product-type-simple"},"acf":[],"yoast_head":"<!-- This site is optimized with the Yoast SEO plugin v27.4 - https:\/\/yoast.com\/product\/yoast-seo-wordpress\/ -->\n<title>Papa, l\u00e8ve-toi ! - Nouveaux P\u00e8res<\/title>\n<meta name=\"robots\" content=\"index, follow, max-snippet:-1, max-image-preview:large, max-video-preview:-1\" \/>\n<link rel=\"canonical\" href=\"https:\/\/nouveauxperes.com\/produit\/papa-leve-toi\/\" \/>\n<meta property=\"og:locale\" content=\"en_US\" \/>\n<meta property=\"og:type\" content=\"article\" \/>\n<meta property=\"og:title\" content=\"Papa, l\u00e8ve-toi ! - Nouveaux P\u00e8res\" \/>\n<meta property=\"og:description\" content=\"Papa, l\u00e8ve-toi !, c\u2019est la discussion entre chums que tout futur ou nouveau papa r\u00eave d\u2019avoir autour de l&#039;exp\u00e9rience unique qu&#039;est la paternit\u00e9. Du test de grossesse \u00e0 l\u2019accouchement en passant par le sexe, la conciliation famille-travail, la vie de couple, la charge mentale, la gestion des finances... les auteurs abordent des sujets br\u00fblants avec franchise, humour, et cette m\u00eame conviction : un papa, c\u2019est aussi bon qu\u2019une maman. Et Dieu sait que c\u2019est bon, une maman !\" \/>\n<meta property=\"og:url\" content=\"https:\/\/nouveauxperes.com\/produit\/papa-leve-toi\/\" \/>\n<meta property=\"og:site_name\" content=\"Nouveaux P\u00e8res\" \/>\n<meta property=\"article:modified_time\" content=\"2026-03-24T01:23:19+00:00\" \/>\n<meta property=\"og:image\" content=\"https:\/\/nouveauxperes.com\/wp-content\/uploads\/2023\/09\/Papalevetoi.jpeg\" \/>\n\t<meta property=\"og:image:width\" content=\"940\" \/>\n\t<meta property=\"og:image:height\" content=\"788\" \/>\n\t<meta property=\"og:image:type\" content=\"image\/jpeg\" \/>\n<meta name=\"twitter:card\" content=\"summary_large_image\" \/>\n<meta name=\"twitter:label1\" content=\"Est. reading time\" \/>\n\t<meta name=\"twitter:data1\" content=\"1 minute\" \/>\n<script type=\"application\/ld+json\" class=\"yoast-schema-graph\">{\"@context\":\"https:\\\/\\\/schema.org\",\"@graph\":[{\"@type\":\"WebPage\",\"@id\":\"https:\\\/\\\/nouveauxperes.com\\\/produit\\\/papa-leve-toi\\\/\",\"url\":\"https:\\\/\\\/nouveauxperes.com\\\/produit\\\/papa-leve-toi\\\/\",\"name\":\"Papa, l\u00e8ve-toi ! - Nouveaux P\u00e8res\",\"isPartOf\":{\"@id\":\"https:\\\/\\\/nouveauxperes.com\\\/#website\"},\"primaryImageOfPage\":{\"@id\":\"https:\\\/\\\/nouveauxperes.com\\\/produit\\\/papa-leve-toi\\\/#primaryimage\"},\"image\":{\"@id\":\"https:\\\/\\\/nouveauxperes.com\\\/produit\\\/papa-leve-toi\\\/#primaryimage\"},\"thumbnailUrl\":\"https:\\\/\\\/nouveauxperes.com\\\/wp-content\\\/uploads\\\/2023\\\/09\\\/Papalevetoi.jpeg\",\"datePublished\":\"2023-09-05T15:10:34+00:00\",\"dateModified\":\"2026-03-24T01:23:19+00:00\",\"breadcrumb\":{\"@id\":\"https:\\\/\\\/nouveauxperes.com\\\/produit\\\/papa-leve-toi\\\/#breadcrumb\"},\"inLanguage\":\"en-US\",\"potentialAction\":[{\"@type\":\"ReadAction\",\"target\":[\"https:\\\/\\\/nouveauxperes.com\\\/produit\\\/papa-leve-toi\\\/\"]}]},{\"@type\":\"ImageObject\",\"inLanguage\":\"en-US\",\"@id\":\"https:\\\/\\\/nouveauxperes.com\\\/produit\\\/papa-leve-toi\\\/#primaryimage\",\"url\":\"https:\\\/\\\/nouveauxperes.com\\\/wp-content\\\/uploads\\\/2023\\\/09\\\/Papalevetoi.jpeg\",\"contentUrl\":\"https:\\\/\\\/nouveauxperes.com\\\/wp-content\\\/uploads\\\/2023\\\/09\\\/Papalevetoi.jpeg\",\"width\":940,\"height\":788},{\"@type\":\"BreadcrumbList\",\"@id\":\"https:\\\/\\\/nouveauxperes.com\\\/produit\\\/papa-leve-toi\\\/#breadcrumb\",\"itemListElement\":[{\"@type\":\"ListItem\",\"position\":1,\"name\":\"Accueil\",\"item\":\"https:\\\/\\\/nouveauxperes.com\\\/\"},{\"@type\":\"ListItem\",\"position\":2,\"name\":\"Boutique\",\"item\":\"https:\\\/\\\/nouveauxperes.com\\\/boutique\\\/\"},{\"@type\":\"ListItem\",\"position\":3,\"name\":\"Papa, l\u00e8ve-toi !\"}]},{\"@type\":\"WebSite\",\"@id\":\"https:\\\/\\\/nouveauxperes.com\\\/#website\",\"url\":\"https:\\\/\\\/nouveauxperes.com\\\/\",\"name\":\"Nouveaux P\u00e8res\",\"description\":\"Des p\u00e8res qu\u00e9b\u00e9cois qui parlent de famille\",\"publisher\":{\"@id\":\"https:\\\/\\\/nouveauxperes.com\\\/#organization\"},\"potentialAction\":[{\"@type\":\"SearchAction\",\"target\":{\"@type\":\"EntryPoint\",\"urlTemplate\":\"https:\\\/\\\/nouveauxperes.com\\\/?s={search_term_string}\"},\"query-input\":{\"@type\":\"PropertyValueSpecification\",\"valueRequired\":true,\"valueName\":\"search_term_string\"}}],\"inLanguage\":\"en-US\"},{\"@type\":\"Organization\",\"@id\":\"https:\\\/\\\/nouveauxperes.com\\\/#organization\",\"name\":\"Nouveaux P\u00e8res\",\"url\":\"https:\\\/\\\/nouveauxperes.com\\\/\",\"logo\":{\"@type\":\"ImageObject\",\"inLanguage\":\"en-US\",\"@id\":\"https:\\\/\\\/nouveauxperes.com\\\/#\\\/schema\\\/logo\\\/image\\\/\",\"url\":\"https:\\\/\\\/boutique.nouveauxperes.com\\\/wp-content\\\/uploads\\\/2020\\\/09\\\/logo_np_long.png\",\"contentUrl\":\"https:\\\/\\\/boutique.nouveauxperes.com\\\/wp-content\\\/uploads\\\/2020\\\/09\\\/logo_np_long.png\",\"width\":800,\"height\":230,\"caption\":\"Nouveaux P\u00e8res\"},\"image\":{\"@id\":\"https:\\\/\\\/nouveauxperes.com\\\/#\\\/schema\\\/logo\\\/image\\\/\"}}]}<\/script>\n<!-- \/ Yoast SEO plugin. -->","yoast_head_json":{"title":"Papa, l\u00e8ve-toi ! - Nouveaux P\u00e8res","robots":{"index":"index","follow":"follow","max-snippet":"max-snippet:-1","max-image-preview":"max-image-preview:large","max-video-preview":"max-video-preview:-1"},"canonical":"https:\/\/nouveauxperes.com\/produit\/papa-leve-toi\/","og_locale":"en_US","og_type":"article","og_title":"Papa, l\u00e8ve-toi ! - Nouveaux P\u00e8res","og_description":"Papa, l\u00e8ve-toi !, c\u2019est la discussion entre chums que tout futur ou nouveau papa r\u00eave d\u2019avoir autour de l'exp\u00e9rience unique qu'est la paternit\u00e9. Du test de grossesse \u00e0 l\u2019accouchement en passant par le sexe, la conciliation famille-travail, la vie de couple, la charge mentale, la gestion des finances... les auteurs abordent des sujets br\u00fblants avec franchise, humour, et cette m\u00eame conviction : un papa, c\u2019est aussi bon qu\u2019une maman. Et Dieu sait que c\u2019est bon, une maman !","og_url":"https:\/\/nouveauxperes.com\/produit\/papa-leve-toi\/","og_site_name":"Nouveaux P\u00e8res","article_modified_time":"2026-03-24T01:23:19+00:00","og_image":[{"width":940,"height":788,"url":"https:\/\/nouveauxperes.com\/wp-content\/uploads\/2023\/09\/Papalevetoi.jpeg","type":"image\/jpeg"}],"twitter_card":"summary_large_image","twitter_misc":{"Est. reading time":"1 minute"},"schema":{"@context":"https:\/\/schema.org","@graph":[{"@type":"WebPage","@id":"https:\/\/nouveauxperes.com\/produit\/papa-leve-toi\/","url":"https:\/\/nouveauxperes.com\/produit\/papa-leve-toi\/","name":"Papa, l\u00e8ve-toi ! - Nouveaux P\u00e8res","isPartOf":{"@id":"https:\/\/nouveauxperes.com\/#website"},"primaryImageOfPage":{"@id":"https:\/\/nouveauxperes.com\/produit\/papa-leve-toi\/#primaryimage"},"image":{"@id":"https:\/\/nouveauxperes.com\/produit\/papa-leve-toi\/#primaryimage"},"thumbnailUrl":"https:\/\/nouveauxperes.com\/wp-content\/uploads\/2023\/09\/Papalevetoi.jpeg","datePublished":"2023-09-05T15:10:34+00:00","dateModified":"2026-03-24T01:23:19+00:00","breadcrumb":{"@id":"https:\/\/nouveauxperes.com\/produit\/papa-leve-toi\/#breadcrumb"},"inLanguage":"en-US","potentialAction":[{"@type":"ReadAction","target":["https:\/\/nouveauxperes.com\/produit\/papa-leve-toi\/"]}]},{"@type":"ImageObject","inLanguage":"en-US","@id":"https:\/\/nouveauxperes.com\/produit\/papa-leve-toi\/#primaryimage","url":"https:\/\/nouveauxperes.com\/wp-content\/uploads\/2023\/09\/Papalevetoi.jpeg","contentUrl":"https:\/\/nouveauxperes.com\/wp-content\/uploads\/2023\/09\/Papalevetoi.jpeg","width":940,"height":788},{"@type":"BreadcrumbList","@id":"https:\/\/nouveauxperes.com\/produit\/papa-leve-toi\/#breadcrumb","itemListElement":[{"@type":"ListItem","position":1,"name":"Accueil","item":"https:\/\/nouveauxperes.com\/"},{"@type":"ListItem","position":2,"name":"Boutique","item":"https:\/\/nouveauxperes.com\/boutique\/"},{"@type":"ListItem","position":3,"name":"Papa, l\u00e8ve-toi !"}]},{"@type":"WebSite","@id":"https:\/\/nouveauxperes.com\/#website","url":"https:\/\/nouveauxperes.com\/","name":"Nouveaux P\u00e8res","description":"Des p\u00e8res qu\u00e9b\u00e9cois qui parlent de famille","publisher":{"@id":"https:\/\/nouveauxperes.com\/#organization"},"potentialAction":[{"@type":"SearchAction","target":{"@type":"EntryPoint","urlTemplate":"https:\/\/nouveauxperes.com\/?s={search_term_string}"},"query-input":{"@type":"PropertyValueSpecification","valueRequired":true,"valueName":"search_term_string"}}],"inLanguage":"en-US"},{"@type":"Organization","@id":"https:\/\/nouveauxperes.com\/#organization","name":"Nouveaux P\u00e8res","url":"https:\/\/nouveauxperes.com\/","logo":{"@type":"ImageObject","inLanguage":"en-US","@id":"https:\/\/nouveauxperes.com\/#\/schema\/logo\/image\/","url":"https:\/\/boutique.nouveauxperes.com\/wp-content\/uploads\/2020\/09\/logo_np_long.png","contentUrl":"https:\/\/boutique.nouveauxperes.com\/wp-content\/uploads\/2020\/09\/logo_np_long.png","width":800,"height":230,"caption":"Nouveaux P\u00e8res"},"image":{"@id":"https:\/\/nouveauxperes.com\/#\/schema\/logo\/image\/"}}]}},"_links":{"self":[{"href":"https:\/\/nouveauxperes.com\/en\/wp-json\/wp\/v2\/product\/6612","targetHints":{"allow":["GET"]}}],"collection":[{"href":"https:\/\/nouveauxperes.com\/en\/wp-json\/wp\/v2\/product"}],"about":[{"href":"https:\/\/nouveauxperes.com\/en\/wp-json\/wp\/v2\/types\/product"}],"wp:featuredmedia":[{"embeddable":true,"href":"https:\/\/nouveauxperes.com\/en\/wp-json\/wp\/v2\/media\/6613"}],"wp:attachment":[{"href":"https:\/\/nouveauxperes.com\/en\/wp-json\/wp\/v2\/media?parent=6612"}],"wp:term":[{"taxonomy":"product_brand","embeddable":true,"href":"https:\/\/nouveauxperes.com\/en\/wp-json\/wp\/v2\/product_brand?post=6612"},{"taxonomy":"product_cat","embeddable":true,"href":"https:\/\/nouveauxperes.com\/en\/wp-json\/wp\/v2\/product_cat?post=6612"},{"taxonomy":"product_tag","embeddable":true,"href":"https:\/\/nouveauxperes.com\/en\/wp-json\/wp\/v2\/product_tag?post=6612"}],"curies":[{"name":"wp","href":"https:\/\/api.w.org\/{rel}","templated":true}]}}