{"id":5870,"date":"2022-03-02T11:19:20","date_gmt":"2022-03-02T16:19:20","guid":{"rendered":"https:\/\/boutique.nouveauxperes.com\/?post_type=product&#038;p=5870"},"modified":"2026-03-23T21:23:19","modified_gmt":"2026-03-24T01:23:19","slug":"dans-ma-tete","status":"publish","type":"product","link":"https:\/\/nouveauxperes.com\/en\/produit\/dans-ma-tete\/","title":{"rendered":"Dans ma t\u00eate"},"content":{"rendered":"","protected":false},"excerpt":{"rendered":"<p>Nos enfants apprennent tout petits une langue pleine de d\u00e9fis, \u00e9claboussant d\u2019imaginaire notre vocabulaire d\u00e9j\u00e0 multicolore. Et si les mots qu\u2019ils inventent en chemin existaient vraiment? C\u2019est l\u2019id\u00e9e derri\u00e8re DANS MA T\u00caTE, le premier livre du duo Nouveaux p\u00e8res, illustr\u00e9 par le talentueux Guillaume Boivin.<\/p>\n<p>Avec ses d\u00e9finitions amusantes et ses images \u00e9clat\u00e9es, ce livre d\u2019\u00e9veil bricole un univers o\u00f9 la cr\u00e9ativit\u00e9 des enfants s\u2019invite dans la t\u00eate et le c\u0153ur des plus grands.<\/p>\n","protected":false},"featured_media":5877,"template":"","meta":{"_acf_changed":false,"inline_featured_image":false},"product_brand":[],"product_cat":[113],"product_tag":[],"class_list":{"0":"post-5870","1":"product","2":"type-product","3":"status-publish","4":"has-post-thumbnail","6":"product_cat-livre","8":"first","9":"instock","10":"shipping-taxable","11":"purchasable","12":"product-type-simple"},"acf":[],"yoast_head":"<!-- This site is optimized with the Yoast SEO plugin v27.4 - https:\/\/yoast.com\/product\/yoast-seo-wordpress\/ -->\n<title>Dans ma t\u00eate - Nouveaux P\u00e8res<\/title>\n<meta name=\"robots\" content=\"index, follow, max-snippet:-1, max-image-preview:large, max-video-preview:-1\" \/>\n<link rel=\"canonical\" href=\"https:\/\/nouveauxperes.com\/produit\/dans-ma-tete\/\" \/>\n<meta property=\"og:locale\" content=\"en_US\" \/>\n<meta property=\"og:type\" content=\"article\" \/>\n<meta property=\"og:title\" content=\"Dans ma t\u00eate - Nouveaux P\u00e8res\" \/>\n<meta property=\"og:description\" content=\"Nos enfants apprennent tout petits une langue pleine de d\u00e9fis, \u00e9claboussant d\u2019imaginaire notre vocabulaire d\u00e9j\u00e0 multicolore. Et si les mots qu\u2019ils inventent en chemin existaient vraiment? C\u2019est l\u2019id\u00e9e derri\u00e8re DANS MA T\u00caTE, le premier livre du duo Nouveaux p\u00e8res, illustr\u00e9 par le talentueux Guillaume Boivin.  Avec ses d\u00e9finitions amusantes et ses images \u00e9clat\u00e9es, ce livre d\u2019\u00e9veil bricole un univers o\u00f9 la cr\u00e9ativit\u00e9 des enfants s\u2019invite dans la t\u00eate et le c\u0153ur des plus grands.\" \/>\n<meta property=\"og:url\" content=\"https:\/\/nouveauxperes.com\/produit\/dans-ma-tete\/\" \/>\n<meta property=\"og:site_name\" content=\"Nouveaux P\u00e8res\" \/>\n<meta property=\"article:modified_time\" content=\"2026-03-24T01:23:19+00:00\" \/>\n<meta property=\"og:image\" content=\"https:\/\/nouveauxperes.com\/wp-content\/uploads\/2022\/03\/Childrens_Book_Mockup_001-1.jpg\" \/>\n\t<meta property=\"og:image:width\" content=\"700\" \/>\n\t<meta property=\"og:image:height\" content=\"525\" \/>\n\t<meta property=\"og:image:type\" content=\"image\/jpeg\" \/>\n<meta name=\"twitter:card\" content=\"summary_large_image\" \/>\n<script type=\"application\/ld+json\" class=\"yoast-schema-graph\">{\"@context\":\"https:\\\/\\\/schema.org\",\"@graph\":[{\"@type\":\"WebPage\",\"@id\":\"https:\\\/\\\/nouveauxperes.com\\\/produit\\\/dans-ma-tete\\\/\",\"url\":\"https:\\\/\\\/nouveauxperes.com\\\/produit\\\/dans-ma-tete\\\/\",\"name\":\"Dans ma t\u00eate - Nouveaux P\u00e8res\",\"isPartOf\":{\"@id\":\"https:\\\/\\\/nouveauxperes.com\\\/#website\"},\"primaryImageOfPage\":{\"@id\":\"https:\\\/\\\/nouveauxperes.com\\\/produit\\\/dans-ma-tete\\\/#primaryimage\"},\"image\":{\"@id\":\"https:\\\/\\\/nouveauxperes.com\\\/produit\\\/dans-ma-tete\\\/#primaryimage\"},\"thumbnailUrl\":\"https:\\\/\\\/nouveauxperes.com\\\/wp-content\\\/uploads\\\/2022\\\/03\\\/Childrens_Book_Mockup_001-1.jpg\",\"datePublished\":\"2022-03-02T16:19:20+00:00\",\"dateModified\":\"2026-03-24T01:23:19+00:00\",\"breadcrumb\":{\"@id\":\"https:\\\/\\\/nouveauxperes.com\\\/produit\\\/dans-ma-tete\\\/#breadcrumb\"},\"inLanguage\":\"en-US\",\"potentialAction\":[{\"@type\":\"ReadAction\",\"target\":[\"https:\\\/\\\/nouveauxperes.com\\\/produit\\\/dans-ma-tete\\\/\"]}]},{\"@type\":\"ImageObject\",\"inLanguage\":\"en-US\",\"@id\":\"https:\\\/\\\/nouveauxperes.com\\\/produit\\\/dans-ma-tete\\\/#primaryimage\",\"url\":\"https:\\\/\\\/nouveauxperes.com\\\/wp-content\\\/uploads\\\/2022\\\/03\\\/Childrens_Book_Mockup_001-1.jpg\",\"contentUrl\":\"https:\\\/\\\/nouveauxperes.com\\\/wp-content\\\/uploads\\\/2022\\\/03\\\/Childrens_Book_Mockup_001-1.jpg\",\"width\":700,\"height\":525},{\"@type\":\"BreadcrumbList\",\"@id\":\"https:\\\/\\\/nouveauxperes.com\\\/produit\\\/dans-ma-tete\\\/#breadcrumb\",\"itemListElement\":[{\"@type\":\"ListItem\",\"position\":1,\"name\":\"Accueil\",\"item\":\"https:\\\/\\\/nouveauxperes.com\\\/\"},{\"@type\":\"ListItem\",\"position\":2,\"name\":\"Boutique\",\"item\":\"https:\\\/\\\/nouveauxperes.com\\\/boutique\\\/\"},{\"@type\":\"ListItem\",\"position\":3,\"name\":\"Dans ma t\u00eate\"}]},{\"@type\":\"WebSite\",\"@id\":\"https:\\\/\\\/nouveauxperes.com\\\/#website\",\"url\":\"https:\\\/\\\/nouveauxperes.com\\\/\",\"name\":\"Nouveaux P\u00e8res\",\"description\":\"Des p\u00e8res qu\u00e9b\u00e9cois qui parlent de famille\",\"publisher\":{\"@id\":\"https:\\\/\\\/nouveauxperes.com\\\/#organization\"},\"potentialAction\":[{\"@type\":\"SearchAction\",\"target\":{\"@type\":\"EntryPoint\",\"urlTemplate\":\"https:\\\/\\\/nouveauxperes.com\\\/?s={search_term_string}\"},\"query-input\":{\"@type\":\"PropertyValueSpecification\",\"valueRequired\":true,\"valueName\":\"search_term_string\"}}],\"inLanguage\":\"en-US\"},{\"@type\":\"Organization\",\"@id\":\"https:\\\/\\\/nouveauxperes.com\\\/#organization\",\"name\":\"Nouveaux P\u00e8res\",\"url\":\"https:\\\/\\\/nouveauxperes.com\\\/\",\"logo\":{\"@type\":\"ImageObject\",\"inLanguage\":\"en-US\",\"@id\":\"https:\\\/\\\/nouveauxperes.com\\\/#\\\/schema\\\/logo\\\/image\\\/\",\"url\":\"https:\\\/\\\/boutique.nouveauxperes.com\\\/wp-content\\\/uploads\\\/2020\\\/09\\\/logo_np_long.png\",\"contentUrl\":\"https:\\\/\\\/boutique.nouveauxperes.com\\\/wp-content\\\/uploads\\\/2020\\\/09\\\/logo_np_long.png\",\"width\":800,\"height\":230,\"caption\":\"Nouveaux P\u00e8res\"},\"image\":{\"@id\":\"https:\\\/\\\/nouveauxperes.com\\\/#\\\/schema\\\/logo\\\/image\\\/\"}}]}<\/script>\n<!-- \/ Yoast SEO plugin. -->","yoast_head_json":{"title":"Dans ma t\u00eate - Nouveaux P\u00e8res","robots":{"index":"index","follow":"follow","max-snippet":"max-snippet:-1","max-image-preview":"max-image-preview:large","max-video-preview":"max-video-preview:-1"},"canonical":"https:\/\/nouveauxperes.com\/produit\/dans-ma-tete\/","og_locale":"en_US","og_type":"article","og_title":"Dans ma t\u00eate - Nouveaux P\u00e8res","og_description":"Nos enfants apprennent tout petits une langue pleine de d\u00e9fis, \u00e9claboussant d\u2019imaginaire notre vocabulaire d\u00e9j\u00e0 multicolore. Et si les mots qu\u2019ils inventent en chemin existaient vraiment? C\u2019est l\u2019id\u00e9e derri\u00e8re DANS MA T\u00caTE, le premier livre du duo Nouveaux p\u00e8res, illustr\u00e9 par le talentueux Guillaume Boivin.  Avec ses d\u00e9finitions amusantes et ses images \u00e9clat\u00e9es, ce livre d\u2019\u00e9veil bricole un univers o\u00f9 la cr\u00e9ativit\u00e9 des enfants s\u2019invite dans la t\u00eate et le c\u0153ur des plus grands.","og_url":"https:\/\/nouveauxperes.com\/produit\/dans-ma-tete\/","og_site_name":"Nouveaux P\u00e8res","article_modified_time":"2026-03-24T01:23:19+00:00","og_image":[{"width":700,"height":525,"url":"https:\/\/nouveauxperes.com\/wp-content\/uploads\/2022\/03\/Childrens_Book_Mockup_001-1.jpg","type":"image\/jpeg"}],"twitter_card":"summary_large_image","schema":{"@context":"https:\/\/schema.org","@graph":[{"@type":"WebPage","@id":"https:\/\/nouveauxperes.com\/produit\/dans-ma-tete\/","url":"https:\/\/nouveauxperes.com\/produit\/dans-ma-tete\/","name":"Dans ma t\u00eate - Nouveaux P\u00e8res","isPartOf":{"@id":"https:\/\/nouveauxperes.com\/#website"},"primaryImageOfPage":{"@id":"https:\/\/nouveauxperes.com\/produit\/dans-ma-tete\/#primaryimage"},"image":{"@id":"https:\/\/nouveauxperes.com\/produit\/dans-ma-tete\/#primaryimage"},"thumbnailUrl":"https:\/\/nouveauxperes.com\/wp-content\/uploads\/2022\/03\/Childrens_Book_Mockup_001-1.jpg","datePublished":"2022-03-02T16:19:20+00:00","dateModified":"2026-03-24T01:23:19+00:00","breadcrumb":{"@id":"https:\/\/nouveauxperes.com\/produit\/dans-ma-tete\/#breadcrumb"},"inLanguage":"en-US","potentialAction":[{"@type":"ReadAction","target":["https:\/\/nouveauxperes.com\/produit\/dans-ma-tete\/"]}]},{"@type":"ImageObject","inLanguage":"en-US","@id":"https:\/\/nouveauxperes.com\/produit\/dans-ma-tete\/#primaryimage","url":"https:\/\/nouveauxperes.com\/wp-content\/uploads\/2022\/03\/Childrens_Book_Mockup_001-1.jpg","contentUrl":"https:\/\/nouveauxperes.com\/wp-content\/uploads\/2022\/03\/Childrens_Book_Mockup_001-1.jpg","width":700,"height":525},{"@type":"BreadcrumbList","@id":"https:\/\/nouveauxperes.com\/produit\/dans-ma-tete\/#breadcrumb","itemListElement":[{"@type":"ListItem","position":1,"name":"Accueil","item":"https:\/\/nouveauxperes.com\/"},{"@type":"ListItem","position":2,"name":"Boutique","item":"https:\/\/nouveauxperes.com\/boutique\/"},{"@type":"ListItem","position":3,"name":"Dans ma t\u00eate"}]},{"@type":"WebSite","@id":"https:\/\/nouveauxperes.com\/#website","url":"https:\/\/nouveauxperes.com\/","name":"Nouveaux P\u00e8res","description":"Des p\u00e8res qu\u00e9b\u00e9cois qui parlent de famille","publisher":{"@id":"https:\/\/nouveauxperes.com\/#organization"},"potentialAction":[{"@type":"SearchAction","target":{"@type":"EntryPoint","urlTemplate":"https:\/\/nouveauxperes.com\/?s={search_term_string}"},"query-input":{"@type":"PropertyValueSpecification","valueRequired":true,"valueName":"search_term_string"}}],"inLanguage":"en-US"},{"@type":"Organization","@id":"https:\/\/nouveauxperes.com\/#organization","name":"Nouveaux P\u00e8res","url":"https:\/\/nouveauxperes.com\/","logo":{"@type":"ImageObject","inLanguage":"en-US","@id":"https:\/\/nouveauxperes.com\/#\/schema\/logo\/image\/","url":"https:\/\/boutique.nouveauxperes.com\/wp-content\/uploads\/2020\/09\/logo_np_long.png","contentUrl":"https:\/\/boutique.nouveauxperes.com\/wp-content\/uploads\/2020\/09\/logo_np_long.png","width":800,"height":230,"caption":"Nouveaux P\u00e8res"},"image":{"@id":"https:\/\/nouveauxperes.com\/#\/schema\/logo\/image\/"}}]}},"_links":{"self":[{"href":"https:\/\/nouveauxperes.com\/en\/wp-json\/wp\/v2\/product\/5870","targetHints":{"allow":["GET"]}}],"collection":[{"href":"https:\/\/nouveauxperes.com\/en\/wp-json\/wp\/v2\/product"}],"about":[{"href":"https:\/\/nouveauxperes.com\/en\/wp-json\/wp\/v2\/types\/product"}],"wp:featuredmedia":[{"embeddable":true,"href":"https:\/\/nouveauxperes.com\/en\/wp-json\/wp\/v2\/media\/5877"}],"wp:attachment":[{"href":"https:\/\/nouveauxperes.com\/en\/wp-json\/wp\/v2\/media?parent=5870"}],"wp:term":[{"taxonomy":"product_brand","embeddable":true,"href":"https:\/\/nouveauxperes.com\/en\/wp-json\/wp\/v2\/product_brand?post=5870"},{"taxonomy":"product_cat","embeddable":true,"href":"https:\/\/nouveauxperes.com\/en\/wp-json\/wp\/v2\/product_cat?post=5870"},{"taxonomy":"product_tag","embeddable":true,"href":"https:\/\/nouveauxperes.com\/en\/wp-json\/wp\/v2\/product_tag?post=5870"}],"curies":[{"name":"wp","href":"https:\/\/api.w.org\/{rel}","templated":true}]}}