{"id":5022,"date":"2020-11-09T21:07:42","date_gmt":"2020-11-10T02:07:42","guid":{"rendered":"https:\/\/boutique.nouveauxperes.com\/?post_type=product&#038;p=5022"},"modified":"2025-05-15T13:57:41","modified_gmt":"2025-05-15T17:57:41","slug":"cuisinier","status":"publish","type":"product","link":"https:\/\/nouveauxperes.com\/en\/produit\/cuisinier\/","title":{"rendered":"Chef cuisinier"},"content":{"rendered":"","protected":false},"excerpt":{"rendered":"<p>Jamais tu n\u2019es pris au d\u00e9pourvu lorsqu\u2019arrive 17h\u2026et qu\u2019il n\u2019y a absolument rien de pr\u00e9par\u00e9 pour le souper? Tu fais partie de ces papas qui manient l\u2019art du grille-pain \u00e0 la perfection? Ce chandail sera parfait pour toi!<\/p>\n<p>&nbsp;<\/p>\n<ul>\n<li>Design\u00e9 et imprim\u00e9 au Qu\u00e9bec<\/li>\n<li>50 % coton \/ 50 % polyester<\/li>\n<li>Nos blondes font dire de ne pas le mettre \u00e0 la s\u00e9cheuse<\/li>\n<li>Col rond<\/li>\n<li>Couleur noir<\/li>\n<\/ul>\n","protected":false},"featured_media":5035,"template":"","meta":{"_acf_changed":false,"inline_featured_image":false},"product_brand":[],"product_cat":[80],"product_tag":[],"class_list":{"0":"post-5022","1":"product","2":"type-product","3":"status-publish","4":"has-post-thumbnail","6":"product_cat-t-shirt","7":"product_shipping_class-tshirt","9":"first","10":"instock","11":"shipping-taxable","12":"purchasable","13":"product-type-variable"},"acf":[],"yoast_head":"<!-- This site is optimized with the Yoast SEO plugin v27.4 - https:\/\/yoast.com\/product\/yoast-seo-wordpress\/ -->\n<title>Chef cuisinier - Nouveaux P\u00e8res<\/title>\n<meta name=\"robots\" content=\"index, follow, max-snippet:-1, max-image-preview:large, max-video-preview:-1\" \/>\n<link rel=\"canonical\" href=\"https:\/\/nouveauxperes.com\/produit\/cuisinier\/\" \/>\n<meta property=\"og:locale\" content=\"en_US\" \/>\n<meta property=\"og:type\" content=\"article\" \/>\n<meta property=\"og:title\" content=\"Chef cuisinier - Nouveaux P\u00e8res\" \/>\n<meta property=\"og:description\" content=\"Jamais tu n\u2019es pris au d\u00e9pourvu lorsqu\u2019arrive 17h\u2026et qu\u2019il n\u2019y a absolument rien de pr\u00e9par\u00e9 pour le souper? Tu fais partie de ces papas qui manient l\u2019art du grille-pain \u00e0 la perfection? Ce chandail sera parfait pour toi!  &nbsp;   Design\u00e9 et imprim\u00e9 au Qu\u00e9bec  50 % coton \/ 50 % polyester  Nos blondes font dire de ne pas le mettre \u00e0 la s\u00e9cheuse  Col rond  Couleur noir\" \/>\n<meta property=\"og:url\" content=\"https:\/\/nouveauxperes.com\/produit\/cuisinier\/\" \/>\n<meta property=\"og:site_name\" content=\"Nouveaux P\u00e8res\" \/>\n<meta property=\"article:modified_time\" content=\"2025-05-15T17:57:41+00:00\" \/>\n<meta property=\"og:image\" content=\"https:\/\/nouveauxperes.com\/wp-content\/uploads\/2020\/11\/NouveauxPeres_Cuisinier_Vert.jpg\" \/>\n\t<meta property=\"og:image:width\" content=\"700\" \/>\n\t<meta property=\"og:image:height\" content=\"525\" \/>\n\t<meta property=\"og:image:type\" content=\"image\/jpeg\" \/>\n<meta name=\"twitter:card\" content=\"summary_large_image\" \/>\n<script type=\"application\/ld+json\" class=\"yoast-schema-graph\">{\"@context\":\"https:\\\/\\\/schema.org\",\"@graph\":[{\"@type\":\"WebPage\",\"@id\":\"https:\\\/\\\/nouveauxperes.com\\\/produit\\\/cuisinier\\\/\",\"url\":\"https:\\\/\\\/nouveauxperes.com\\\/produit\\\/cuisinier\\\/\",\"name\":\"Chef cuisinier - Nouveaux P\u00e8res\",\"isPartOf\":{\"@id\":\"https:\\\/\\\/nouveauxperes.com\\\/#website\"},\"primaryImageOfPage\":{\"@id\":\"https:\\\/\\\/nouveauxperes.com\\\/produit\\\/cuisinier\\\/#primaryimage\"},\"image\":{\"@id\":\"https:\\\/\\\/nouveauxperes.com\\\/produit\\\/cuisinier\\\/#primaryimage\"},\"thumbnailUrl\":\"https:\\\/\\\/nouveauxperes.com\\\/wp-content\\\/uploads\\\/2020\\\/11\\\/NouveauxPeres_Cuisinier_Vert.jpg\",\"datePublished\":\"2020-11-10T02:07:42+00:00\",\"dateModified\":\"2025-05-15T17:57:41+00:00\",\"breadcrumb\":{\"@id\":\"https:\\\/\\\/nouveauxperes.com\\\/produit\\\/cuisinier\\\/#breadcrumb\"},\"inLanguage\":\"en-US\",\"potentialAction\":[{\"@type\":\"ReadAction\",\"target\":[\"https:\\\/\\\/nouveauxperes.com\\\/produit\\\/cuisinier\\\/\"]}]},{\"@type\":\"ImageObject\",\"inLanguage\":\"en-US\",\"@id\":\"https:\\\/\\\/nouveauxperes.com\\\/produit\\\/cuisinier\\\/#primaryimage\",\"url\":\"https:\\\/\\\/nouveauxperes.com\\\/wp-content\\\/uploads\\\/2020\\\/11\\\/NouveauxPeres_Cuisinier_Vert.jpg\",\"contentUrl\":\"https:\\\/\\\/nouveauxperes.com\\\/wp-content\\\/uploads\\\/2020\\\/11\\\/NouveauxPeres_Cuisinier_Vert.jpg\",\"width\":700,\"height\":525},{\"@type\":\"BreadcrumbList\",\"@id\":\"https:\\\/\\\/nouveauxperes.com\\\/produit\\\/cuisinier\\\/#breadcrumb\",\"itemListElement\":[{\"@type\":\"ListItem\",\"position\":1,\"name\":\"Accueil\",\"item\":\"https:\\\/\\\/nouveauxperes.com\\\/\"},{\"@type\":\"ListItem\",\"position\":2,\"name\":\"Boutique\",\"item\":\"https:\\\/\\\/nouveauxperes.com\\\/boutique\\\/\"},{\"@type\":\"ListItem\",\"position\":3,\"name\":\"Chef cuisinier\"}]},{\"@type\":\"WebSite\",\"@id\":\"https:\\\/\\\/nouveauxperes.com\\\/#website\",\"url\":\"https:\\\/\\\/nouveauxperes.com\\\/\",\"name\":\"Nouveaux P\u00e8res\",\"description\":\"Des p\u00e8res qu\u00e9b\u00e9cois qui parlent de famille\",\"publisher\":{\"@id\":\"https:\\\/\\\/nouveauxperes.com\\\/#organization\"},\"potentialAction\":[{\"@type\":\"SearchAction\",\"target\":{\"@type\":\"EntryPoint\",\"urlTemplate\":\"https:\\\/\\\/nouveauxperes.com\\\/?s={search_term_string}\"},\"query-input\":{\"@type\":\"PropertyValueSpecification\",\"valueRequired\":true,\"valueName\":\"search_term_string\"}}],\"inLanguage\":\"en-US\"},{\"@type\":\"Organization\",\"@id\":\"https:\\\/\\\/nouveauxperes.com\\\/#organization\",\"name\":\"Nouveaux P\u00e8res\",\"url\":\"https:\\\/\\\/nouveauxperes.com\\\/\",\"logo\":{\"@type\":\"ImageObject\",\"inLanguage\":\"en-US\",\"@id\":\"https:\\\/\\\/nouveauxperes.com\\\/#\\\/schema\\\/logo\\\/image\\\/\",\"url\":\"https:\\\/\\\/boutique.nouveauxperes.com\\\/wp-content\\\/uploads\\\/2020\\\/09\\\/logo_np_long.png\",\"contentUrl\":\"https:\\\/\\\/boutique.nouveauxperes.com\\\/wp-content\\\/uploads\\\/2020\\\/09\\\/logo_np_long.png\",\"width\":800,\"height\":230,\"caption\":\"Nouveaux P\u00e8res\"},\"image\":{\"@id\":\"https:\\\/\\\/nouveauxperes.com\\\/#\\\/schema\\\/logo\\\/image\\\/\"}}]}<\/script>\n<!-- \/ Yoast SEO plugin. -->","yoast_head_json":{"title":"Chef cuisinier - Nouveaux P\u00e8res","robots":{"index":"index","follow":"follow","max-snippet":"max-snippet:-1","max-image-preview":"max-image-preview:large","max-video-preview":"max-video-preview:-1"},"canonical":"https:\/\/nouveauxperes.com\/produit\/cuisinier\/","og_locale":"en_US","og_type":"article","og_title":"Chef cuisinier - Nouveaux P\u00e8res","og_description":"Jamais tu n\u2019es pris au d\u00e9pourvu lorsqu\u2019arrive 17h\u2026et qu\u2019il n\u2019y a absolument rien de pr\u00e9par\u00e9 pour le souper? Tu fais partie de ces papas qui manient l\u2019art du grille-pain \u00e0 la perfection? Ce chandail sera parfait pour toi!  &nbsp;   Design\u00e9 et imprim\u00e9 au Qu\u00e9bec  50 % coton \/ 50 % polyester  Nos blondes font dire de ne pas le mettre \u00e0 la s\u00e9cheuse  Col rond  Couleur noir","og_url":"https:\/\/nouveauxperes.com\/produit\/cuisinier\/","og_site_name":"Nouveaux P\u00e8res","article_modified_time":"2025-05-15T17:57:41+00:00","og_image":[{"width":700,"height":525,"url":"https:\/\/nouveauxperes.com\/wp-content\/uploads\/2020\/11\/NouveauxPeres_Cuisinier_Vert.jpg","type":"image\/jpeg"}],"twitter_card":"summary_large_image","schema":{"@context":"https:\/\/schema.org","@graph":[{"@type":"WebPage","@id":"https:\/\/nouveauxperes.com\/produit\/cuisinier\/","url":"https:\/\/nouveauxperes.com\/produit\/cuisinier\/","name":"Chef cuisinier - Nouveaux P\u00e8res","isPartOf":{"@id":"https:\/\/nouveauxperes.com\/#website"},"primaryImageOfPage":{"@id":"https:\/\/nouveauxperes.com\/produit\/cuisinier\/#primaryimage"},"image":{"@id":"https:\/\/nouveauxperes.com\/produit\/cuisinier\/#primaryimage"},"thumbnailUrl":"https:\/\/nouveauxperes.com\/wp-content\/uploads\/2020\/11\/NouveauxPeres_Cuisinier_Vert.jpg","datePublished":"2020-11-10T02:07:42+00:00","dateModified":"2025-05-15T17:57:41+00:00","breadcrumb":{"@id":"https:\/\/nouveauxperes.com\/produit\/cuisinier\/#breadcrumb"},"inLanguage":"en-US","potentialAction":[{"@type":"ReadAction","target":["https:\/\/nouveauxperes.com\/produit\/cuisinier\/"]}]},{"@type":"ImageObject","inLanguage":"en-US","@id":"https:\/\/nouveauxperes.com\/produit\/cuisinier\/#primaryimage","url":"https:\/\/nouveauxperes.com\/wp-content\/uploads\/2020\/11\/NouveauxPeres_Cuisinier_Vert.jpg","contentUrl":"https:\/\/nouveauxperes.com\/wp-content\/uploads\/2020\/11\/NouveauxPeres_Cuisinier_Vert.jpg","width":700,"height":525},{"@type":"BreadcrumbList","@id":"https:\/\/nouveauxperes.com\/produit\/cuisinier\/#breadcrumb","itemListElement":[{"@type":"ListItem","position":1,"name":"Accueil","item":"https:\/\/nouveauxperes.com\/"},{"@type":"ListItem","position":2,"name":"Boutique","item":"https:\/\/nouveauxperes.com\/boutique\/"},{"@type":"ListItem","position":3,"name":"Chef cuisinier"}]},{"@type":"WebSite","@id":"https:\/\/nouveauxperes.com\/#website","url":"https:\/\/nouveauxperes.com\/","name":"Nouveaux P\u00e8res","description":"Des p\u00e8res qu\u00e9b\u00e9cois qui parlent de famille","publisher":{"@id":"https:\/\/nouveauxperes.com\/#organization"},"potentialAction":[{"@type":"SearchAction","target":{"@type":"EntryPoint","urlTemplate":"https:\/\/nouveauxperes.com\/?s={search_term_string}"},"query-input":{"@type":"PropertyValueSpecification","valueRequired":true,"valueName":"search_term_string"}}],"inLanguage":"en-US"},{"@type":"Organization","@id":"https:\/\/nouveauxperes.com\/#organization","name":"Nouveaux P\u00e8res","url":"https:\/\/nouveauxperes.com\/","logo":{"@type":"ImageObject","inLanguage":"en-US","@id":"https:\/\/nouveauxperes.com\/#\/schema\/logo\/image\/","url":"https:\/\/boutique.nouveauxperes.com\/wp-content\/uploads\/2020\/09\/logo_np_long.png","contentUrl":"https:\/\/boutique.nouveauxperes.com\/wp-content\/uploads\/2020\/09\/logo_np_long.png","width":800,"height":230,"caption":"Nouveaux P\u00e8res"},"image":{"@id":"https:\/\/nouveauxperes.com\/#\/schema\/logo\/image\/"}}]}},"_links":{"self":[{"href":"https:\/\/nouveauxperes.com\/en\/wp-json\/wp\/v2\/product\/5022","targetHints":{"allow":["GET"]}}],"collection":[{"href":"https:\/\/nouveauxperes.com\/en\/wp-json\/wp\/v2\/product"}],"about":[{"href":"https:\/\/nouveauxperes.com\/en\/wp-json\/wp\/v2\/types\/product"}],"wp:featuredmedia":[{"embeddable":true,"href":"https:\/\/nouveauxperes.com\/en\/wp-json\/wp\/v2\/media\/5035"}],"wp:attachment":[{"href":"https:\/\/nouveauxperes.com\/en\/wp-json\/wp\/v2\/media?parent=5022"}],"wp:term":[{"taxonomy":"product_brand","embeddable":true,"href":"https:\/\/nouveauxperes.com\/en\/wp-json\/wp\/v2\/product_brand?post=5022"},{"taxonomy":"product_cat","embeddable":true,"href":"https:\/\/nouveauxperes.com\/en\/wp-json\/wp\/v2\/product_cat?post=5022"},{"taxonomy":"product_tag","embeddable":true,"href":"https:\/\/nouveauxperes.com\/en\/wp-json\/wp\/v2\/product_tag?post=5022"}],"curies":[{"name":"wp","href":"https:\/\/api.w.org\/{rel}","templated":true}]}}