{"id":4808,"date":"2020-09-04T11:49:35","date_gmt":"2020-09-04T15:49:35","guid":{"rendered":"https:\/\/boutique.nouveauxperes.com\/?post_type=product&#038;p=4808"},"modified":"2024-12-12T23:37:54","modified_gmt":"2024-12-13T04:37:54","slug":"chauffeur","status":"publish","type":"product","link":"https:\/\/nouveauxperes.com\/en\/produit\/chauffeur\/","title":{"rendered":"Chauffeur priv\u00e9"},"content":{"rendered":"","protected":false},"excerpt":{"rendered":"<p>Ton r\u00eave de devenir pilote de course s\u2019est \u00e9teint le jour o\u00f9 tu es devenu papa? Accroche-toi \u00e0 ce qui te reste et accueille \u00e0 bras ouverts ton nouveau titre de chauffeur de poussette!<\/p>\n<p>&nbsp;<\/p>\n<ul>\n<li>Design\u00e9 et imprim\u00e9 au Qu\u00e9bec<\/li>\n<li>50 % coton \/ 50 % polyester<\/li>\n<li>Nos blondes font dire de ne pas le mettre \u00e0 la s\u00e9cheuse<\/li>\n<li>Col rond<\/li>\n<li>Couleur noir<\/li>\n<\/ul>\n","protected":false},"featured_media":4951,"template":"","meta":{"_acf_changed":false,"inline_featured_image":false},"product_brand":[],"product_cat":[80],"product_tag":[],"class_list":{"0":"post-4808","1":"product","2":"type-product","3":"status-publish","4":"has-post-thumbnail","6":"product_cat-t-shirt","7":"product_shipping_class-tshirt","9":"first","10":"instock","11":"shipping-taxable","12":"purchasable","13":"product-type-variable"},"acf":[],"yoast_head":"<!-- This site is optimized with the Yoast SEO plugin v27.4 - https:\/\/yoast.com\/product\/yoast-seo-wordpress\/ -->\n<title>Chauffeur priv\u00e9 - Nouveaux P\u00e8res<\/title>\n<meta name=\"description\" content=\"Id\u00e9e cadeau parfaite pour les papas, le t-shirt Chauffeur priv\u00e9 de la collection Nouveaux p\u00e8res est design\u00e9 et imprim\u00e9 au Qu\u00e9bec.\" \/>\n<meta name=\"robots\" content=\"index, follow, max-snippet:-1, max-image-preview:large, max-video-preview:-1\" \/>\n<link rel=\"canonical\" href=\"https:\/\/nouveauxperes.com\/produit\/chauffeur\/\" \/>\n<meta property=\"og:locale\" content=\"en_US\" \/>\n<meta property=\"og:type\" content=\"article\" \/>\n<meta property=\"og:title\" content=\"Chauffeur priv\u00e9 - Nouveaux P\u00e8res\" \/>\n<meta property=\"og:description\" content=\"Id\u00e9e cadeau parfaite pour les papas, le t-shirt Chauffeur priv\u00e9 de la collection Nouveaux p\u00e8res est design\u00e9 et imprim\u00e9 au Qu\u00e9bec.\" \/>\n<meta property=\"og:url\" content=\"https:\/\/nouveauxperes.com\/produit\/chauffeur\/\" \/>\n<meta property=\"og:site_name\" content=\"Nouveaux P\u00e8res\" \/>\n<meta property=\"article:modified_time\" content=\"2024-12-13T04:37:54+00:00\" \/>\n<meta property=\"og:image\" content=\"https:\/\/nouveauxperes.com\/wp-content\/uploads\/2020\/10\/Chauffeur-1.jpg\" \/>\n\t<meta property=\"og:image:width\" content=\"700\" \/>\n\t<meta property=\"og:image:height\" content=\"525\" \/>\n\t<meta property=\"og:image:type\" content=\"image\/jpeg\" \/>\n<meta name=\"twitter:card\" content=\"summary_large_image\" \/>\n<script type=\"application\/ld+json\" class=\"yoast-schema-graph\">{\"@context\":\"https:\\\/\\\/schema.org\",\"@graph\":[{\"@type\":\"WebPage\",\"@id\":\"https:\\\/\\\/nouveauxperes.com\\\/produit\\\/chauffeur\\\/\",\"url\":\"https:\\\/\\\/nouveauxperes.com\\\/produit\\\/chauffeur\\\/\",\"name\":\"Chauffeur priv\u00e9 - Nouveaux P\u00e8res\",\"isPartOf\":{\"@id\":\"https:\\\/\\\/nouveauxperes.com\\\/#website\"},\"primaryImageOfPage\":{\"@id\":\"https:\\\/\\\/nouveauxperes.com\\\/produit\\\/chauffeur\\\/#primaryimage\"},\"image\":{\"@id\":\"https:\\\/\\\/nouveauxperes.com\\\/produit\\\/chauffeur\\\/#primaryimage\"},\"thumbnailUrl\":\"https:\\\/\\\/nouveauxperes.com\\\/wp-content\\\/uploads\\\/2020\\\/10\\\/Chauffeur-1.jpg\",\"datePublished\":\"2020-09-04T15:49:35+00:00\",\"dateModified\":\"2024-12-13T04:37:54+00:00\",\"description\":\"Id\u00e9e cadeau parfaite pour les papas, le t-shirt Chauffeur priv\u00e9 de la collection Nouveaux p\u00e8res est design\u00e9 et imprim\u00e9 au Qu\u00e9bec.\",\"breadcrumb\":{\"@id\":\"https:\\\/\\\/nouveauxperes.com\\\/produit\\\/chauffeur\\\/#breadcrumb\"},\"inLanguage\":\"en-US\",\"potentialAction\":[{\"@type\":\"ReadAction\",\"target\":[\"https:\\\/\\\/nouveauxperes.com\\\/produit\\\/chauffeur\\\/\"]}]},{\"@type\":\"ImageObject\",\"inLanguage\":\"en-US\",\"@id\":\"https:\\\/\\\/nouveauxperes.com\\\/produit\\\/chauffeur\\\/#primaryimage\",\"url\":\"https:\\\/\\\/nouveauxperes.com\\\/wp-content\\\/uploads\\\/2020\\\/10\\\/Chauffeur-1.jpg\",\"contentUrl\":\"https:\\\/\\\/nouveauxperes.com\\\/wp-content\\\/uploads\\\/2020\\\/10\\\/Chauffeur-1.jpg\",\"width\":700,\"height\":525},{\"@type\":\"BreadcrumbList\",\"@id\":\"https:\\\/\\\/nouveauxperes.com\\\/produit\\\/chauffeur\\\/#breadcrumb\",\"itemListElement\":[{\"@type\":\"ListItem\",\"position\":1,\"name\":\"Accueil\",\"item\":\"https:\\\/\\\/nouveauxperes.com\\\/\"},{\"@type\":\"ListItem\",\"position\":2,\"name\":\"Boutique\",\"item\":\"https:\\\/\\\/nouveauxperes.com\\\/boutique\\\/\"},{\"@type\":\"ListItem\",\"position\":3,\"name\":\"Chauffeur priv\u00e9\"}]},{\"@type\":\"WebSite\",\"@id\":\"https:\\\/\\\/nouveauxperes.com\\\/#website\",\"url\":\"https:\\\/\\\/nouveauxperes.com\\\/\",\"name\":\"Nouveaux P\u00e8res\",\"description\":\"Des p\u00e8res qu\u00e9b\u00e9cois qui parlent de famille\",\"publisher\":{\"@id\":\"https:\\\/\\\/nouveauxperes.com\\\/#organization\"},\"potentialAction\":[{\"@type\":\"SearchAction\",\"target\":{\"@type\":\"EntryPoint\",\"urlTemplate\":\"https:\\\/\\\/nouveauxperes.com\\\/?s={search_term_string}\"},\"query-input\":{\"@type\":\"PropertyValueSpecification\",\"valueRequired\":true,\"valueName\":\"search_term_string\"}}],\"inLanguage\":\"en-US\"},{\"@type\":\"Organization\",\"@id\":\"https:\\\/\\\/nouveauxperes.com\\\/#organization\",\"name\":\"Nouveaux P\u00e8res\",\"url\":\"https:\\\/\\\/nouveauxperes.com\\\/\",\"logo\":{\"@type\":\"ImageObject\",\"inLanguage\":\"en-US\",\"@id\":\"https:\\\/\\\/nouveauxperes.com\\\/#\\\/schema\\\/logo\\\/image\\\/\",\"url\":\"https:\\\/\\\/boutique.nouveauxperes.com\\\/wp-content\\\/uploads\\\/2020\\\/09\\\/logo_np_long.png\",\"contentUrl\":\"https:\\\/\\\/boutique.nouveauxperes.com\\\/wp-content\\\/uploads\\\/2020\\\/09\\\/logo_np_long.png\",\"width\":800,\"height\":230,\"caption\":\"Nouveaux P\u00e8res\"},\"image\":{\"@id\":\"https:\\\/\\\/nouveauxperes.com\\\/#\\\/schema\\\/logo\\\/image\\\/\"}}]}<\/script>\n<!-- \/ Yoast SEO plugin. -->","yoast_head_json":{"title":"Chauffeur priv\u00e9 - Nouveaux P\u00e8res","description":"Id\u00e9e cadeau parfaite pour les papas, le t-shirt Chauffeur priv\u00e9 de la collection Nouveaux p\u00e8res est design\u00e9 et imprim\u00e9 au Qu\u00e9bec.","robots":{"index":"index","follow":"follow","max-snippet":"max-snippet:-1","max-image-preview":"max-image-preview:large","max-video-preview":"max-video-preview:-1"},"canonical":"https:\/\/nouveauxperes.com\/produit\/chauffeur\/","og_locale":"en_US","og_type":"article","og_title":"Chauffeur priv\u00e9 - Nouveaux P\u00e8res","og_description":"Id\u00e9e cadeau parfaite pour les papas, le t-shirt Chauffeur priv\u00e9 de la collection Nouveaux p\u00e8res est design\u00e9 et imprim\u00e9 au Qu\u00e9bec.","og_url":"https:\/\/nouveauxperes.com\/produit\/chauffeur\/","og_site_name":"Nouveaux P\u00e8res","article_modified_time":"2024-12-13T04:37:54+00:00","og_image":[{"width":700,"height":525,"url":"https:\/\/nouveauxperes.com\/wp-content\/uploads\/2020\/10\/Chauffeur-1.jpg","type":"image\/jpeg"}],"twitter_card":"summary_large_image","schema":{"@context":"https:\/\/schema.org","@graph":[{"@type":"WebPage","@id":"https:\/\/nouveauxperes.com\/produit\/chauffeur\/","url":"https:\/\/nouveauxperes.com\/produit\/chauffeur\/","name":"Chauffeur priv\u00e9 - Nouveaux P\u00e8res","isPartOf":{"@id":"https:\/\/nouveauxperes.com\/#website"},"primaryImageOfPage":{"@id":"https:\/\/nouveauxperes.com\/produit\/chauffeur\/#primaryimage"},"image":{"@id":"https:\/\/nouveauxperes.com\/produit\/chauffeur\/#primaryimage"},"thumbnailUrl":"https:\/\/nouveauxperes.com\/wp-content\/uploads\/2020\/10\/Chauffeur-1.jpg","datePublished":"2020-09-04T15:49:35+00:00","dateModified":"2024-12-13T04:37:54+00:00","description":"Id\u00e9e cadeau parfaite pour les papas, le t-shirt Chauffeur priv\u00e9 de la collection Nouveaux p\u00e8res est design\u00e9 et imprim\u00e9 au Qu\u00e9bec.","breadcrumb":{"@id":"https:\/\/nouveauxperes.com\/produit\/chauffeur\/#breadcrumb"},"inLanguage":"en-US","potentialAction":[{"@type":"ReadAction","target":["https:\/\/nouveauxperes.com\/produit\/chauffeur\/"]}]},{"@type":"ImageObject","inLanguage":"en-US","@id":"https:\/\/nouveauxperes.com\/produit\/chauffeur\/#primaryimage","url":"https:\/\/nouveauxperes.com\/wp-content\/uploads\/2020\/10\/Chauffeur-1.jpg","contentUrl":"https:\/\/nouveauxperes.com\/wp-content\/uploads\/2020\/10\/Chauffeur-1.jpg","width":700,"height":525},{"@type":"BreadcrumbList","@id":"https:\/\/nouveauxperes.com\/produit\/chauffeur\/#breadcrumb","itemListElement":[{"@type":"ListItem","position":1,"name":"Accueil","item":"https:\/\/nouveauxperes.com\/"},{"@type":"ListItem","position":2,"name":"Boutique","item":"https:\/\/nouveauxperes.com\/boutique\/"},{"@type":"ListItem","position":3,"name":"Chauffeur priv\u00e9"}]},{"@type":"WebSite","@id":"https:\/\/nouveauxperes.com\/#website","url":"https:\/\/nouveauxperes.com\/","name":"Nouveaux P\u00e8res","description":"Des p\u00e8res qu\u00e9b\u00e9cois qui parlent de famille","publisher":{"@id":"https:\/\/nouveauxperes.com\/#organization"},"potentialAction":[{"@type":"SearchAction","target":{"@type":"EntryPoint","urlTemplate":"https:\/\/nouveauxperes.com\/?s={search_term_string}"},"query-input":{"@type":"PropertyValueSpecification","valueRequired":true,"valueName":"search_term_string"}}],"inLanguage":"en-US"},{"@type":"Organization","@id":"https:\/\/nouveauxperes.com\/#organization","name":"Nouveaux P\u00e8res","url":"https:\/\/nouveauxperes.com\/","logo":{"@type":"ImageObject","inLanguage":"en-US","@id":"https:\/\/nouveauxperes.com\/#\/schema\/logo\/image\/","url":"https:\/\/boutique.nouveauxperes.com\/wp-content\/uploads\/2020\/09\/logo_np_long.png","contentUrl":"https:\/\/boutique.nouveauxperes.com\/wp-content\/uploads\/2020\/09\/logo_np_long.png","width":800,"height":230,"caption":"Nouveaux P\u00e8res"},"image":{"@id":"https:\/\/nouveauxperes.com\/#\/schema\/logo\/image\/"}}]}},"_links":{"self":[{"href":"https:\/\/nouveauxperes.com\/en\/wp-json\/wp\/v2\/product\/4808","targetHints":{"allow":["GET"]}}],"collection":[{"href":"https:\/\/nouveauxperes.com\/en\/wp-json\/wp\/v2\/product"}],"about":[{"href":"https:\/\/nouveauxperes.com\/en\/wp-json\/wp\/v2\/types\/product"}],"wp:featuredmedia":[{"embeddable":true,"href":"https:\/\/nouveauxperes.com\/en\/wp-json\/wp\/v2\/media\/4951"}],"wp:attachment":[{"href":"https:\/\/nouveauxperes.com\/en\/wp-json\/wp\/v2\/media?parent=4808"}],"wp:term":[{"taxonomy":"product_brand","embeddable":true,"href":"https:\/\/nouveauxperes.com\/en\/wp-json\/wp\/v2\/product_brand?post=4808"},{"taxonomy":"product_cat","embeddable":true,"href":"https:\/\/nouveauxperes.com\/en\/wp-json\/wp\/v2\/product_cat?post=4808"},{"taxonomy":"product_tag","embeddable":true,"href":"https:\/\/nouveauxperes.com\/en\/wp-json\/wp\/v2\/product_tag?post=4808"}],"curies":[{"name":"wp","href":"https:\/\/api.w.org\/{rel}","templated":true}]}}